{"id":461,"date":"2024-02-08T21:54:25","date_gmt":"2024-02-08T20:54:25","guid":{"rendered":"http:\/\/melodielutton.com\/?page_id=461"},"modified":"2025-10-01T14:17:10","modified_gmt":"2025-10-01T12:17:10","slug":"encre-aquarelle","status":"publish","type":"page","link":"https:\/\/melodielutton.com\/index.php\/encre-aquarelle\/","title":{"rendered":"Encre"},"content":{"rendered":"<p>[et_pb_section fb_built=\u00a0\u00bb1&Prime; _builder_version=\u00a0\u00bb4.24.0&Prime; _module_preset=\u00a0\u00bbdefault\u00a0\u00bb global_colors_info=\u00a0\u00bb{}\u00a0\u00bb][et_pb_row _builder_version=\u00a0\u00bb4.24.2&Prime; _module_preset=\u00a0\u00bbdefault\u00a0\u00bb global_colors_info=\u00a0\u00bb{}\u00a0\u00bb][et_pb_column type=\u00a0\u00bb4_4&Prime; _builder_version=\u00a0\u00bb4.24.0&Prime; _module_preset=\u00a0\u00bbdefault\u00a0\u00bb global_colors_info=\u00a0\u00bb{}\u00a0\u00bb][et_pb_text module_id=\u00a0\u00bbprojet_du_ventre\u00a0\u00bb _builder_version=\u00a0\u00bb4.27.4&Prime; _module_preset=\u00a0\u00bbb49b350d-0217-4d78-aec9-d68b326ed51b\u00a0\u00bb global_colors_info=\u00a0\u00bb{}\u00a0\u00bb]<\/p>\n<h3 style=\"text-align: center;\">ENCRE\u00a0<\/h3>\n<p>&nbsp;<\/p>\n<p>[\/et_pb_text][et_pb_text _builder_version=\u00a0\u00bb4.27.4&Prime; _module_preset=\u00a0\u00bbdefault\u00a0\u00bb global_colors_info=\u00a0\u00bb{}\u00a0\u00bb]<\/p>\n<p style=\"text-align: center;\">ENCRE &#8211; AQUARELLE &#8211; FEUTRE<\/p>\n<p style=\"text-align: center;\">\n<p>Format, luminosit\u00e9, transparences, mouvement, inventivit\u00e9 des couleurs, jeu des lignes nous am\u00e8nent \u00e0 regarder longuement ses encres. M\u00e9lodie Lutton enrichit ses m\u00e9taphores d&rsquo;autres \u00e9l\u00e9ments visuels personnels cr\u00e9ant des images complexes dont l&rsquo;interpr\u00e9tation devient un jeu entre l&rsquo;artiste et le spectateur. Ajoutez \u00e0 cela l&rsquo;humour et la po\u00e9sie des titres qui constituent un \u00e9l\u00e9ment \u00e0 part enti\u00e8re des oeuvres.<\/p>\n<p>Pascale Chauvin, extrait du texte <em>Le nom sur le bout de la langue <\/em>pour l&rsquo;exposition <em>Tous les noms d&rsquo;oiseaux<\/em> \u00e0 l&rsquo;atelier de verre en 2024.<\/p>\n<p>[\/et_pb_text][dmg_masonry_gallery gallery=\u00a0\u00bb235332,235333,235331,235217,235315,235314,235316,235318,235313,235312,235317,474,471,235221,470,96,97,98,105,101,106&Prime; columns=\u00a0\u00bb2&Prime; gutter=\u00a0\u00bb30&Prime; modal_title=\u00a0\u00bbtitle_caption\u00a0\u00bb columns_tablet=\u00a0\u00bb2&Prime; columns_phone=\u00a0\u00bb1&Prime; columns_last_edited=\u00a0\u00bbon|phone\u00a0\u00bb _builder_version=\u00a0\u00bb4.27.4&Prime; _module_preset=\u00a0\u00bbdefault\u00a0\u00bb global_colors_info=\u00a0\u00bb{}\u00a0\u00bb][\/dmg_masonry_gallery][et_pb_text module_id=\u00a0\u00bbprojet_du_ventre\u00a0\u00bb _builder_version=\u00a0\u00bb4.27.4&Prime; _module_preset=\u00a0\u00bbb49b350d-0217-4d78-aec9-d68b326ed51b\u00a0\u00bb hover_enabled=\u00a0\u00bb0&Prime; global_colors_info=\u00a0\u00bb{}\u00a0\u00bb sticky_enabled=\u00a0\u00bb0&Prime;]<\/p>\n<h3 style=\"text-align: center;\">Continuum<\/h3>\n<p>&nbsp;<\/p>\n<p>[\/et_pb_text][et_pb_text _builder_version=\u00a0\u00bb4.27.4&Prime; _module_preset=\u00a0\u00bbdefault\u00a0\u00bb global_colors_info=\u00a0\u00bb{}\u00a0\u00bb]<\/p>\n<p>Parler subtilement de l&rsquo;intime, \u00e9voquer plut\u00f4t que d\u00e9crire, clarifier un trouble, une phase. Un livre \u00e0 la main, celui de <em>continuum : la recherche du bonheur <\/em>pour suivre le fil &#8211; non, pas rouge &#8211; le fil espace\/temps instinctif et naturel. Cette s\u00e9rie me semble sans fin, comme le lien que j&rsquo;entretiens avec ma fille. Les<em> Auras<\/em> sont inspir\u00e9es des mouvements toniques et \u00e9nerg\u00e9tiques du nouveau n\u00e9e.<\/p>\n<p>[\/et_pb_text][dmg_masonry_gallery gallery=\u00a0\u00bb86,85,84,83,82,92,87,91,90,89&Prime; columns=\u00a0\u00bb2&Prime; gutter=\u00a0\u00bb30&Prime; modal_title=\u00a0\u00bbtitle_caption\u00a0\u00bb columns_tablet=\u00a0\u00bb2&Prime; columns_phone=\u00a0\u00bb1&Prime; columns_last_edited=\u00a0\u00bbon|phone\u00a0\u00bb _builder_version=\u00a0\u00bb4.27.4&Prime; _module_preset=\u00a0\u00bbdefault\u00a0\u00bb global_colors_info=\u00a0\u00bb{}\u00a0\u00bb][\/dmg_masonry_gallery][\/et_pb_column][\/et_pb_row][\/et_pb_section][et_pb_section fb_built=\u00a0\u00bb1&Prime; _builder_version=\u00a0\u00bb4.24.0&Prime; _module_preset=\u00a0\u00bbdefault\u00a0\u00bb global_colors_info=\u00a0\u00bb{}\u00a0\u00bb][\/et_pb_section]<\/p>\n","protected":false},"excerpt":{"rendered":"<p>ENCRE\u00a0 &nbsp;ENCRE &#8211; AQUARELLE &#8211; FEUTRE Format, luminosit\u00e9, transparences, mouvement, inventivit\u00e9 des couleurs, jeu des lignes nous am\u00e8nent \u00e0 regarder longuement ses encres. M\u00e9lodie Lutton enrichit ses m\u00e9taphores d&rsquo;autres \u00e9l\u00e9ments visuels personnels cr\u00e9ant des images complexes dont l&rsquo;interpr\u00e9tation devient un jeu entre l&rsquo;artiste et le spectateur. Ajoutez \u00e0 cela l&rsquo;humour et la po\u00e9sie des titres [&hellip;]<\/p>\n","protected":false},"author":2,"featured_media":0,"parent":0,"menu_order":0,"comment_status":"closed","ping_status":"closed","template":"","meta":{"_et_pb_use_builder":"on","_et_pb_old_content":"","_et_gb_content_width":"","footnotes":""},"class_list":["post-461","page","type-page","status-publish","hentry"],"yoast_head":"<!-- This site is optimized with the Yoast SEO plugin v26.8 - https:\/\/yoast.com\/product\/yoast-seo-wordpress\/ -->\n<title>Encre - Melodie Lutton<\/title>\n<meta name=\"robots\" content=\"index, follow, max-snippet:-1, max-image-preview:large, max-video-preview:-1\" \/>\n<link rel=\"canonical\" href=\"https:\/\/melodielutton.com\/index.php\/encre-aquarelle\/\" \/>\n<meta property=\"og:locale\" content=\"fr_FR\" \/>\n<meta property=\"og:type\" content=\"article\" \/>\n<meta property=\"og:title\" content=\"Encre - Melodie Lutton\" \/>\n<meta property=\"og:description\" content=\"ENCRE\u00a0 &nbsp;ENCRE - AQUARELLE - FEUTRE Format, luminosit\u00e9, transparences, mouvement, inventivit\u00e9 des couleurs, jeu des lignes nous am\u00e8nent \u00e0 regarder longuement ses encres. M\u00e9lodie Lutton enrichit ses m\u00e9taphores d&#039;autres \u00e9l\u00e9ments visuels personnels cr\u00e9ant des images complexes dont l&#039;interpr\u00e9tation devient un jeu entre l&#039;artiste et le spectateur. Ajoutez \u00e0 cela l&#039;humour et la po\u00e9sie des titres [&hellip;]\" \/>\n<meta property=\"og:url\" content=\"https:\/\/melodielutton.com\/index.php\/encre-aquarelle\/\" \/>\n<meta property=\"og:site_name\" content=\"Melodie Lutton\" \/>\n<meta property=\"article:modified_time\" content=\"2025-10-01T12:17:10+00:00\" \/>\n<meta name=\"twitter:card\" content=\"summary_large_image\" \/>\n<meta name=\"twitter:label1\" content=\"Dur\u00e9e de lecture estim\u00e9e\" \/>\n\t<meta name=\"twitter:data1\" content=\"2 minutes\" \/>\n<script type=\"application\/ld+json\" class=\"yoast-schema-graph\">{\"@context\":\"https:\/\/schema.org\",\"@graph\":[{\"@type\":\"WebPage\",\"@id\":\"https:\/\/melodielutton.com\/index.php\/encre-aquarelle\/\",\"url\":\"https:\/\/melodielutton.com\/index.php\/encre-aquarelle\/\",\"name\":\"Encre - Melodie Lutton\",\"isPartOf\":{\"@id\":\"https:\/\/melodielutton.com\/#website\"},\"datePublished\":\"2024-02-08T20:54:25+00:00\",\"dateModified\":\"2025-10-01T12:17:10+00:00\",\"breadcrumb\":{\"@id\":\"https:\/\/melodielutton.com\/index.php\/encre-aquarelle\/#breadcrumb\"},\"inLanguage\":\"fr-FR\",\"potentialAction\":[{\"@type\":\"ReadAction\",\"target\":[\"https:\/\/melodielutton.com\/index.php\/encre-aquarelle\/\"]}]},{\"@type\":\"BreadcrumbList\",\"@id\":\"https:\/\/melodielutton.com\/index.php\/encre-aquarelle\/#breadcrumb\",\"itemListElement\":[{\"@type\":\"ListItem\",\"position\":1,\"name\":\"Accueil\",\"item\":\"https:\/\/melodielutton.com\/\"},{\"@type\":\"ListItem\",\"position\":2,\"name\":\"Encre\"}]},{\"@type\":\"WebSite\",\"@id\":\"https:\/\/melodielutton.com\/#website\",\"url\":\"https:\/\/melodielutton.com\/\",\"name\":\"Melodie Lutton\",\"description\":\"\",\"publisher\":{\"@id\":\"https:\/\/melodielutton.com\/#\/schema\/person\/11040da58d9986b63766d9a7a8bef386\"},\"potentialAction\":[{\"@type\":\"SearchAction\",\"target\":{\"@type\":\"EntryPoint\",\"urlTemplate\":\"https:\/\/melodielutton.com\/?s={search_term_string}\"},\"query-input\":{\"@type\":\"PropertyValueSpecification\",\"valueRequired\":true,\"valueName\":\"search_term_string\"}}],\"inLanguage\":\"fr-FR\"},{\"@type\":[\"Person\",\"Organization\"],\"@id\":\"https:\/\/melodielutton.com\/#\/schema\/person\/11040da58d9986b63766d9a7a8bef386\",\"name\":\"MelodieLutton\",\"image\":{\"@type\":\"ImageObject\",\"inLanguage\":\"fr-FR\",\"@id\":\"https:\/\/melodielutton.com\/#\/schema\/person\/image\/\",\"url\":\"https:\/\/melodielutton.com\/wp-content\/uploads\/2025\/08\/Spleen-1024x478.png\",\"contentUrl\":\"https:\/\/melodielutton.com\/wp-content\/uploads\/2025\/08\/Spleen-1024x478.png\",\"width\":1024,\"height\":478,\"caption\":\"MelodieLutton\"},\"logo\":{\"@id\":\"https:\/\/melodielutton.com\/#\/schema\/person\/image\/\"},\"sameAs\":[\"http:\/\/melodielutton.com\"]}]}<\/script>\n<!-- \/ Yoast SEO plugin. -->","yoast_head_json":{"title":"Encre - Melodie Lutton","robots":{"index":"index","follow":"follow","max-snippet":"max-snippet:-1","max-image-preview":"max-image-preview:large","max-video-preview":"max-video-preview:-1"},"canonical":"https:\/\/melodielutton.com\/index.php\/encre-aquarelle\/","og_locale":"fr_FR","og_type":"article","og_title":"Encre - Melodie Lutton","og_description":"ENCRE\u00a0 &nbsp;ENCRE - AQUARELLE - FEUTRE Format, luminosit\u00e9, transparences, mouvement, inventivit\u00e9 des couleurs, jeu des lignes nous am\u00e8nent \u00e0 regarder longuement ses encres. M\u00e9lodie Lutton enrichit ses m\u00e9taphores d'autres \u00e9l\u00e9ments visuels personnels cr\u00e9ant des images complexes dont l'interpr\u00e9tation devient un jeu entre l'artiste et le spectateur. Ajoutez \u00e0 cela l'humour et la po\u00e9sie des titres [&hellip;]","og_url":"https:\/\/melodielutton.com\/index.php\/encre-aquarelle\/","og_site_name":"Melodie Lutton","article_modified_time":"2025-10-01T12:17:10+00:00","twitter_card":"summary_large_image","twitter_misc":{"Dur\u00e9e de lecture estim\u00e9e":"2 minutes"},"schema":{"@context":"https:\/\/schema.org","@graph":[{"@type":"WebPage","@id":"https:\/\/melodielutton.com\/index.php\/encre-aquarelle\/","url":"https:\/\/melodielutton.com\/index.php\/encre-aquarelle\/","name":"Encre - Melodie Lutton","isPartOf":{"@id":"https:\/\/melodielutton.com\/#website"},"datePublished":"2024-02-08T20:54:25+00:00","dateModified":"2025-10-01T12:17:10+00:00","breadcrumb":{"@id":"https:\/\/melodielutton.com\/index.php\/encre-aquarelle\/#breadcrumb"},"inLanguage":"fr-FR","potentialAction":[{"@type":"ReadAction","target":["https:\/\/melodielutton.com\/index.php\/encre-aquarelle\/"]}]},{"@type":"BreadcrumbList","@id":"https:\/\/melodielutton.com\/index.php\/encre-aquarelle\/#breadcrumb","itemListElement":[{"@type":"ListItem","position":1,"name":"Accueil","item":"https:\/\/melodielutton.com\/"},{"@type":"ListItem","position":2,"name":"Encre"}]},{"@type":"WebSite","@id":"https:\/\/melodielutton.com\/#website","url":"https:\/\/melodielutton.com\/","name":"Melodie Lutton","description":"","publisher":{"@id":"https:\/\/melodielutton.com\/#\/schema\/person\/11040da58d9986b63766d9a7a8bef386"},"potentialAction":[{"@type":"SearchAction","target":{"@type":"EntryPoint","urlTemplate":"https:\/\/melodielutton.com\/?s={search_term_string}"},"query-input":{"@type":"PropertyValueSpecification","valueRequired":true,"valueName":"search_term_string"}}],"inLanguage":"fr-FR"},{"@type":["Person","Organization"],"@id":"https:\/\/melodielutton.com\/#\/schema\/person\/11040da58d9986b63766d9a7a8bef386","name":"MelodieLutton","image":{"@type":"ImageObject","inLanguage":"fr-FR","@id":"https:\/\/melodielutton.com\/#\/schema\/person\/image\/","url":"https:\/\/melodielutton.com\/wp-content\/uploads\/2025\/08\/Spleen-1024x478.png","contentUrl":"https:\/\/melodielutton.com\/wp-content\/uploads\/2025\/08\/Spleen-1024x478.png","width":1024,"height":478,"caption":"MelodieLutton"},"logo":{"@id":"https:\/\/melodielutton.com\/#\/schema\/person\/image\/"},"sameAs":["http:\/\/melodielutton.com"]}]}},"_links":{"self":[{"href":"https:\/\/melodielutton.com\/index.php\/wp-json\/wp\/v2\/pages\/461","targetHints":{"allow":["GET"]}}],"collection":[{"href":"https:\/\/melodielutton.com\/index.php\/wp-json\/wp\/v2\/pages"}],"about":[{"href":"https:\/\/melodielutton.com\/index.php\/wp-json\/wp\/v2\/types\/page"}],"author":[{"embeddable":true,"href":"https:\/\/melodielutton.com\/index.php\/wp-json\/wp\/v2\/users\/2"}],"replies":[{"embeddable":true,"href":"https:\/\/melodielutton.com\/index.php\/wp-json\/wp\/v2\/comments?post=461"}],"version-history":[{"count":31,"href":"https:\/\/melodielutton.com\/index.php\/wp-json\/wp\/v2\/pages\/461\/revisions"}],"predecessor-version":[{"id":235615,"href":"https:\/\/melodielutton.com\/index.php\/wp-json\/wp\/v2\/pages\/461\/revisions\/235615"}],"wp:attachment":[{"href":"https:\/\/melodielutton.com\/index.php\/wp-json\/wp\/v2\/media?parent=461"}],"curies":[{"name":"wp","href":"https:\/\/api.w.org\/{rel}","templated":true}]}}