{"id":451,"date":"2024-02-07T21:39:45","date_gmt":"2024-02-07T20:39:45","guid":{"rendered":"http:\/\/melodielutton.com\/?page_id=451"},"modified":"2025-09-25T15:54:49","modified_gmt":"2025-09-25T13:54:49","slug":"roman-graphique","status":"publish","type":"page","link":"https:\/\/melodielutton.com\/index.php\/roman-graphique\/","title":{"rendered":"mon MUSEau"},"content":{"rendered":"<p>[et_pb_section fb_built=\u00a0\u00bb1&Prime; _builder_version=\u00a0\u00bb4.24.0&Prime; _module_preset=\u00a0\u00bbdefault\u00a0\u00bb global_colors_info=\u00a0\u00bb{}\u00a0\u00bb][et_pb_row _builder_version=\u00a0\u00bb4.24.0&Prime; _module_preset=\u00a0\u00bbdefault\u00a0\u00bb global_colors_info=\u00a0\u00bb{}\u00a0\u00bb][et_pb_column type=\u00a0\u00bb4_4&Prime; _builder_version=\u00a0\u00bb4.24.0&Prime; _module_preset=\u00a0\u00bbdefault\u00a0\u00bb global_colors_info=\u00a0\u00bb{}\u00a0\u00bb][et_pb_text module_id=\u00a0\u00bbprojet_du_ventre\u00a0\u00bb _builder_version=\u00a0\u00bb4.27.4&Prime; _module_preset=\u00a0\u00bbb49b350d-0217-4d78-aec9-d68b326ed51b\u00a0\u00bb hover_enabled=\u00a0\u00bb0&Prime; global_colors_info=\u00a0\u00bb{}\u00a0\u00bb sticky_enabled=\u00a0\u00bb0&Prime;]<\/p>\n<h3 class=\"western\" align=\"CENTER\" style=\"text-align: center;\">Roman graphique<\/h3>\n<p>[\/et_pb_text][et_pb_text _builder_version=\u00a0\u00bb4.24.1&Prime; _module_preset=\u00a0\u00bbdefault\u00a0\u00bb global_colors_info=\u00a0\u00bb{}\u00a0\u00bb]<\/p>\n<h4 style=\"text-align: justify;\"><\/h4>\n<p style=\"text-align: justify;\">Ils se rencontrent, c&rsquo;est un miracle, une baffe. Ils se d\u00e9nudent et s&rsquo;aiment. C&rsquo;est le d\u00e9but du chant des oiseaux malgr\u00e9 l\u2019avis des autres. Elle se souvient de leurs premiers moments et anecdotes pass\u00e9s. Un jour, il fait un deuxi\u00e8me infarctus. Elle a peur, lui aussi. Elle n&rsquo;aime pas quand il a mal surtout quand il a ses douleurs qui lui traversent le corps. Elle l&rsquo;observe presque depuis toujours, elle le contemple dormir et se reposer, mais o\u00f9 va-t-il dans ses songes ? Puis la vie les rattrape, l&rsquo;odeur du quotidien, la routine, les prises de t\u00eate. Un enfant appara\u00eet pendant la p\u00e9riode du Covid. Il fatigue, il dit qu&rsquo;il est vieux et qu&rsquo;il en a assez. Pourtant, \u00e0 elle, son corps appelle un autre d\u00e9sir \u2026<\/p>\n<p style=\"text-align: center;\">\n<p>[\/et_pb_text][et_pb_text _builder_version=\u00a0\u00bb4.27.4&Prime; _module_preset=\u00a0\u00bb3734cd5c-6248-4220-857d-f317132237aa\u00a0\u00bb background_color=\u00a0\u00bb#FFFFFF\u00a0\u00bb hover_enabled=\u00a0\u00bb0&Prime; custom_css_main_element=\u00a0\u00bb  position: sticky;||  top: 0px;||  z-index: 9999;\u00a0\u00bb global_colors_info=\u00a0\u00bb{}\u00a0\u00bb sticky_enabled=\u00a0\u00bb0&Prime;]<\/p>\n<p style=\"text-align: center;\"><a href=\"#roman\"><span style=\"font-weight: 400;\">Mon museau<\/span><\/a><\/p>\n<p style=\"text-align: center;\"><span style=\"font-weight: 400;\"><\/span><\/p>\n<p>[\/et_pb_text][et_pb_text module_id=\u00a0\u00bbroman\u00a0\u00bb _builder_version=\u00a0\u00bb4.27.4&Prime; _module_preset=\u00a0\u00bb7a3e1717-4cdb-48f8-9944-4018ab598ac9&Prime; hover_enabled=\u00a0\u00bb0&Prime; global_colors_info=\u00a0\u00bb{}\u00a0\u00bb sticky_enabled=\u00a0\u00bb0&Prime;]<\/p>\n<h4 style=\"text-align: center;\">Mon museau<\/h4>\n<p>[\/et_pb_text][dmg_masonry_gallery gallery=\u00a0\u00bb235378,235379,235380,235381,235382,235376&Prime; columns=\u00a0\u00bb1&Prime; gutter=\u00a0\u00bb30&Prime; modal_title=\u00a0\u00bbtitle_caption\u00a0\u00bb hover_overlay_effect=\u00a0\u00bbnothing\u00a0\u00bb _builder_version=\u00a0\u00bb4.27.0&Prime; _module_preset=\u00a0\u00bb22dec183-a738-4488-8792-812b92adf917&Prime; global_colors_info=\u00a0\u00bb{}\u00a0\u00bb][\/dmg_masonry_gallery][\/et_pb_column][\/et_pb_row][\/et_pb_section]<\/p>\n","protected":false},"excerpt":{"rendered":"<p>Roman graphique Ils se rencontrent, c&rsquo;est un miracle, une baffe. Ils se d\u00e9nudent et s&rsquo;aiment. C&rsquo;est le d\u00e9but du chant des oiseaux malgr\u00e9 l\u2019avis des autres. Elle se souvient de leurs premiers moments et anecdotes pass\u00e9s. Un jour, il fait un deuxi\u00e8me infarctus. Elle a peur, lui aussi. Elle n&rsquo;aime pas quand il a mal [&hellip;]<\/p>\n","protected":false},"author":2,"featured_media":0,"parent":0,"menu_order":0,"comment_status":"closed","ping_status":"closed","template":"","meta":{"_et_pb_use_builder":"on","_et_pb_old_content":"","_et_gb_content_width":"","footnotes":""},"class_list":["post-451","page","type-page","status-publish","hentry"],"yoast_head":"<!-- This site is optimized with the Yoast SEO plugin v26.8 - https:\/\/yoast.com\/product\/yoast-seo-wordpress\/ -->\n<title>mon MUSEau - Melodie Lutton<\/title>\n<meta name=\"robots\" content=\"index, follow, max-snippet:-1, max-image-preview:large, max-video-preview:-1\" \/>\n<link rel=\"canonical\" href=\"https:\/\/melodielutton.com\/index.php\/roman-graphique\/\" \/>\n<meta property=\"og:locale\" content=\"fr_FR\" \/>\n<meta property=\"og:type\" content=\"article\" \/>\n<meta property=\"og:title\" content=\"mon MUSEau - Melodie Lutton\" \/>\n<meta property=\"og:description\" content=\"Roman graphique Ils se rencontrent, c&#039;est un miracle, une baffe. Ils se d\u00e9nudent et s&#039;aiment. C&#039;est le d\u00e9but du chant des oiseaux malgr\u00e9 l\u2019avis des autres. Elle se souvient de leurs premiers moments et anecdotes pass\u00e9s. Un jour, il fait un deuxi\u00e8me infarctus. Elle a peur, lui aussi. Elle n&#039;aime pas quand il a mal [&hellip;]\" \/>\n<meta property=\"og:url\" content=\"https:\/\/melodielutton.com\/index.php\/roman-graphique\/\" \/>\n<meta property=\"og:site_name\" content=\"Melodie Lutton\" \/>\n<meta property=\"article:modified_time\" content=\"2025-09-25T13:54:49+00:00\" \/>\n<meta name=\"twitter:card\" content=\"summary_large_image\" \/>\n<meta name=\"twitter:label1\" content=\"Dur\u00e9e de lecture estim\u00e9e\" \/>\n\t<meta name=\"twitter:data1\" content=\"2 minutes\" \/>\n<script type=\"application\/ld+json\" class=\"yoast-schema-graph\">{\"@context\":\"https:\/\/schema.org\",\"@graph\":[{\"@type\":\"WebPage\",\"@id\":\"https:\/\/melodielutton.com\/index.php\/roman-graphique\/\",\"url\":\"https:\/\/melodielutton.com\/index.php\/roman-graphique\/\",\"name\":\"mon MUSEau - Melodie Lutton\",\"isPartOf\":{\"@id\":\"https:\/\/melodielutton.com\/#website\"},\"datePublished\":\"2024-02-07T20:39:45+00:00\",\"dateModified\":\"2025-09-25T13:54:49+00:00\",\"breadcrumb\":{\"@id\":\"https:\/\/melodielutton.com\/index.php\/roman-graphique\/#breadcrumb\"},\"inLanguage\":\"fr-FR\",\"potentialAction\":[{\"@type\":\"ReadAction\",\"target\":[\"https:\/\/melodielutton.com\/index.php\/roman-graphique\/\"]}]},{\"@type\":\"BreadcrumbList\",\"@id\":\"https:\/\/melodielutton.com\/index.php\/roman-graphique\/#breadcrumb\",\"itemListElement\":[{\"@type\":\"ListItem\",\"position\":1,\"name\":\"Accueil\",\"item\":\"https:\/\/melodielutton.com\/\"},{\"@type\":\"ListItem\",\"position\":2,\"name\":\"mon MUSEau\"}]},{\"@type\":\"WebSite\",\"@id\":\"https:\/\/melodielutton.com\/#website\",\"url\":\"https:\/\/melodielutton.com\/\",\"name\":\"Melodie Lutton\",\"description\":\"\",\"publisher\":{\"@id\":\"https:\/\/melodielutton.com\/#\/schema\/person\/11040da58d9986b63766d9a7a8bef386\"},\"potentialAction\":[{\"@type\":\"SearchAction\",\"target\":{\"@type\":\"EntryPoint\",\"urlTemplate\":\"https:\/\/melodielutton.com\/?s={search_term_string}\"},\"query-input\":{\"@type\":\"PropertyValueSpecification\",\"valueRequired\":true,\"valueName\":\"search_term_string\"}}],\"inLanguage\":\"fr-FR\"},{\"@type\":[\"Person\",\"Organization\"],\"@id\":\"https:\/\/melodielutton.com\/#\/schema\/person\/11040da58d9986b63766d9a7a8bef386\",\"name\":\"MelodieLutton\",\"image\":{\"@type\":\"ImageObject\",\"inLanguage\":\"fr-FR\",\"@id\":\"https:\/\/melodielutton.com\/#\/schema\/person\/image\/\",\"url\":\"https:\/\/melodielutton.com\/wp-content\/uploads\/2025\/08\/Spleen-1024x478.png\",\"contentUrl\":\"https:\/\/melodielutton.com\/wp-content\/uploads\/2025\/08\/Spleen-1024x478.png\",\"width\":1024,\"height\":478,\"caption\":\"MelodieLutton\"},\"logo\":{\"@id\":\"https:\/\/melodielutton.com\/#\/schema\/person\/image\/\"},\"sameAs\":[\"http:\/\/melodielutton.com\"]}]}<\/script>\n<!-- \/ Yoast SEO plugin. -->","yoast_head_json":{"title":"mon MUSEau - Melodie Lutton","robots":{"index":"index","follow":"follow","max-snippet":"max-snippet:-1","max-image-preview":"max-image-preview:large","max-video-preview":"max-video-preview:-1"},"canonical":"https:\/\/melodielutton.com\/index.php\/roman-graphique\/","og_locale":"fr_FR","og_type":"article","og_title":"mon MUSEau - Melodie Lutton","og_description":"Roman graphique Ils se rencontrent, c'est un miracle, une baffe. Ils se d\u00e9nudent et s'aiment. C'est le d\u00e9but du chant des oiseaux malgr\u00e9 l\u2019avis des autres. Elle se souvient de leurs premiers moments et anecdotes pass\u00e9s. Un jour, il fait un deuxi\u00e8me infarctus. Elle a peur, lui aussi. Elle n'aime pas quand il a mal [&hellip;]","og_url":"https:\/\/melodielutton.com\/index.php\/roman-graphique\/","og_site_name":"Melodie Lutton","article_modified_time":"2025-09-25T13:54:49+00:00","twitter_card":"summary_large_image","twitter_misc":{"Dur\u00e9e de lecture estim\u00e9e":"2 minutes"},"schema":{"@context":"https:\/\/schema.org","@graph":[{"@type":"WebPage","@id":"https:\/\/melodielutton.com\/index.php\/roman-graphique\/","url":"https:\/\/melodielutton.com\/index.php\/roman-graphique\/","name":"mon MUSEau - Melodie Lutton","isPartOf":{"@id":"https:\/\/melodielutton.com\/#website"},"datePublished":"2024-02-07T20:39:45+00:00","dateModified":"2025-09-25T13:54:49+00:00","breadcrumb":{"@id":"https:\/\/melodielutton.com\/index.php\/roman-graphique\/#breadcrumb"},"inLanguage":"fr-FR","potentialAction":[{"@type":"ReadAction","target":["https:\/\/melodielutton.com\/index.php\/roman-graphique\/"]}]},{"@type":"BreadcrumbList","@id":"https:\/\/melodielutton.com\/index.php\/roman-graphique\/#breadcrumb","itemListElement":[{"@type":"ListItem","position":1,"name":"Accueil","item":"https:\/\/melodielutton.com\/"},{"@type":"ListItem","position":2,"name":"mon MUSEau"}]},{"@type":"WebSite","@id":"https:\/\/melodielutton.com\/#website","url":"https:\/\/melodielutton.com\/","name":"Melodie Lutton","description":"","publisher":{"@id":"https:\/\/melodielutton.com\/#\/schema\/person\/11040da58d9986b63766d9a7a8bef386"},"potentialAction":[{"@type":"SearchAction","target":{"@type":"EntryPoint","urlTemplate":"https:\/\/melodielutton.com\/?s={search_term_string}"},"query-input":{"@type":"PropertyValueSpecification","valueRequired":true,"valueName":"search_term_string"}}],"inLanguage":"fr-FR"},{"@type":["Person","Organization"],"@id":"https:\/\/melodielutton.com\/#\/schema\/person\/11040da58d9986b63766d9a7a8bef386","name":"MelodieLutton","image":{"@type":"ImageObject","inLanguage":"fr-FR","@id":"https:\/\/melodielutton.com\/#\/schema\/person\/image\/","url":"https:\/\/melodielutton.com\/wp-content\/uploads\/2025\/08\/Spleen-1024x478.png","contentUrl":"https:\/\/melodielutton.com\/wp-content\/uploads\/2025\/08\/Spleen-1024x478.png","width":1024,"height":478,"caption":"MelodieLutton"},"logo":{"@id":"https:\/\/melodielutton.com\/#\/schema\/person\/image\/"},"sameAs":["http:\/\/melodielutton.com"]}]}},"_links":{"self":[{"href":"https:\/\/melodielutton.com\/index.php\/wp-json\/wp\/v2\/pages\/451","targetHints":{"allow":["GET"]}}],"collection":[{"href":"https:\/\/melodielutton.com\/index.php\/wp-json\/wp\/v2\/pages"}],"about":[{"href":"https:\/\/melodielutton.com\/index.php\/wp-json\/wp\/v2\/types\/page"}],"author":[{"embeddable":true,"href":"https:\/\/melodielutton.com\/index.php\/wp-json\/wp\/v2\/users\/2"}],"replies":[{"embeddable":true,"href":"https:\/\/melodielutton.com\/index.php\/wp-json\/wp\/v2\/comments?post=451"}],"version-history":[{"count":20,"href":"https:\/\/melodielutton.com\/index.php\/wp-json\/wp\/v2\/pages\/451\/revisions"}],"predecessor-version":[{"id":235576,"href":"https:\/\/melodielutton.com\/index.php\/wp-json\/wp\/v2\/pages\/451\/revisions\/235576"}],"wp:attachment":[{"href":"https:\/\/melodielutton.com\/index.php\/wp-json\/wp\/v2\/media?parent=451"}],"curies":[{"name":"wp","href":"https:\/\/api.w.org\/{rel}","templated":true}]}}