{"id":431,"date":"2024-01-28T21:17:02","date_gmt":"2024-01-28T20:17:02","guid":{"rendered":"http:\/\/melodielutton.com\/?page_id=431"},"modified":"2026-01-31T23:01:26","modified_gmt":"2026-01-31T22:01:26","slug":"statuette","status":"publish","type":"page","link":"https:\/\/melodielutton.com\/index.php\/statuette\/","title":{"rendered":"Statuette"},"content":{"rendered":"<p>[et_pb_section fb_built=\u00a0\u00bb1&Prime; _builder_version=\u00a0\u00bb4.24.0&Prime; _module_preset=\u00a0\u00bbdefault\u00a0\u00bb global_colors_info=\u00a0\u00bb{}\u00a0\u00bb][et_pb_row _builder_version=\u00a0\u00bb4.24.0&Prime; _module_preset=\u00a0\u00bbdefault\u00a0\u00bb global_colors_info=\u00a0\u00bb{}\u00a0\u00bb][et_pb_column type=\u00a0\u00bb4_4&Prime; _builder_version=\u00a0\u00bb4.24.0&Prime; _module_preset=\u00a0\u00bbdefault\u00a0\u00bb global_colors_info=\u00a0\u00bb{}\u00a0\u00bb][et_pb_text module_id=\u00a0\u00bbprojet_du_ventre\u00a0\u00bb _builder_version=\u00a0\u00bb4.27.5&Prime; _module_preset=\u00a0\u00bbb49b350d-0217-4d78-aec9-d68b326ed51b\u00a0\u00bb hover_enabled=\u00a0\u00bb0&Prime; global_colors_info=\u00a0\u00bb{}\u00a0\u00bb sticky_enabled=\u00a0\u00bb0&Prime;]<\/p>\n<h3 class=\"western\" align=\"CENTER\" style=\"text-align: center;\">Statuette<\/h3>\n<p>[\/et_pb_text][et_pb_text _builder_version=\u00a0\u00bb4.27.5&Prime; _module_preset=\u00a0\u00bbdefault\u00a0\u00bb global_colors_info=\u00a0\u00bb{}\u00a0\u00bb]<\/p>\n<p style=\"text-align: justify;\">Je suis tomb\u00e9e sur des santons dans une recyclerie. Je suis tomb\u00e9e en \u00e9moi devant ses objets poussi\u00e9reux, porteurs d\u2019une tradition et d\u2019un savoir-faire qui se retrouvent l\u00e0, d\u00e9laiss\u00e9s.<\/p>\n<p style=\"text-align: justify;\">En plein confinement, je suis enceinte, je rentre dans la spirale enchant\u00e9e du volume. Le temps s\u2019arr\u00eate et m\u2019enlace. Je d\u00e9shabille mes santons un par un : fil, paille, laine, pl\u00e2tre, li\u00e8ge, tant de mati\u00e8res enfouis \u00e0 l\u2019int\u00e9rieur de leurs petits corps, vieux et travailleurs. Les femmes portent des couches de culottes blanches en dessous de leurs robes, des coiffes sur leurs cheveux, et souvent un accessoire qui d\u00e9signe leurs m\u00e9tiers. C\u2019est l\u00e0 aussi que j\u2019interviens, dans le changement de leurs missions. Les santons disparaissent et deviennent d\u00e9esses et dieux oubli\u00e9s, inspir\u00e9s de contes, de mythes ou de mon histoire personnelle.<\/p>\n<p>[\/et_pb_text][dmg_masonry_gallery gallery=\u00a0\u00bb215&Prime; columns=\u00a0\u00bb1&Prime; _builder_version=\u00a0\u00bb4.24.2&Prime; _module_preset=\u00a0\u00bbdefault\u00a0\u00bb global_colors_info=\u00a0\u00bb{}\u00a0\u00bb][\/dmg_masonry_gallery][dmg_masonry_gallery gallery=\u00a0\u00bb235703,214,212,211,209,208,207,202,201,200,197,235706,205,203&Prime; modal_title=\u00a0\u00bbtitle_caption\u00a0\u00bb columns_tablet=\u00a0\u00bb2&Prime; columns_phone=\u00a0\u00bb1&Prime; columns_last_edited=\u00a0\u00bbon|phone\u00a0\u00bb _builder_version=\u00a0\u00bb4.27.5&Prime; _module_preset=\u00a0\u00bbdefault\u00a0\u00bb global_colors_info=\u00a0\u00bb{}\u00a0\u00bb][\/dmg_masonry_gallery][\/et_pb_column][\/et_pb_row][\/et_pb_section]<\/p>\n","protected":false},"excerpt":{"rendered":"<p>StatuetteJe suis tomb\u00e9e sur des santons dans une recyclerie. Je suis tomb\u00e9e en \u00e9moi devant ses objets poussi\u00e9reux, porteurs d\u2019une tradition et d\u2019un savoir-faire qui se retrouvent l\u00e0, d\u00e9laiss\u00e9s. En plein confinement, je suis enceinte, je rentre dans la spirale enchant\u00e9e du volume. Le temps s\u2019arr\u00eate et m\u2019enlace. Je d\u00e9shabille mes santons un par un [&hellip;]<\/p>\n","protected":false},"author":2,"featured_media":0,"parent":0,"menu_order":0,"comment_status":"closed","ping_status":"closed","template":"","meta":{"_et_pb_use_builder":"on","_et_pb_old_content":"","_et_gb_content_width":"","footnotes":""},"class_list":["post-431","page","type-page","status-publish","hentry"],"yoast_head":"<!-- This site is optimized with the Yoast SEO plugin v26.8 - https:\/\/yoast.com\/product\/yoast-seo-wordpress\/ -->\n<title>Statuette - Melodie Lutton<\/title>\n<meta name=\"robots\" content=\"index, follow, max-snippet:-1, max-image-preview:large, max-video-preview:-1\" \/>\n<link rel=\"canonical\" href=\"https:\/\/melodielutton.com\/index.php\/statuette\/\" \/>\n<meta property=\"og:locale\" content=\"fr_FR\" \/>\n<meta property=\"og:type\" content=\"article\" \/>\n<meta property=\"og:title\" content=\"Statuette - Melodie Lutton\" \/>\n<meta property=\"og:description\" content=\"StatuetteJe suis tomb\u00e9e sur des santons dans une recyclerie. Je suis tomb\u00e9e en \u00e9moi devant ses objets poussi\u00e9reux, porteurs d\u2019une tradition et d\u2019un savoir-faire qui se retrouvent l\u00e0, d\u00e9laiss\u00e9s. En plein confinement, je suis enceinte, je rentre dans la spirale enchant\u00e9e du volume. Le temps s\u2019arr\u00eate et m\u2019enlace. Je d\u00e9shabille mes santons un par un [&hellip;]\" \/>\n<meta property=\"og:url\" content=\"https:\/\/melodielutton.com\/index.php\/statuette\/\" \/>\n<meta property=\"og:site_name\" content=\"Melodie Lutton\" \/>\n<meta property=\"article:modified_time\" content=\"2026-01-31T22:01:26+00:00\" \/>\n<meta name=\"twitter:card\" content=\"summary_large_image\" \/>\n<meta name=\"twitter:label1\" content=\"Dur\u00e9e de lecture estim\u00e9e\" \/>\n\t<meta name=\"twitter:data1\" content=\"1 minute\" \/>\n<script type=\"application\/ld+json\" class=\"yoast-schema-graph\">{\"@context\":\"https:\/\/schema.org\",\"@graph\":[{\"@type\":\"WebPage\",\"@id\":\"https:\/\/melodielutton.com\/index.php\/statuette\/\",\"url\":\"https:\/\/melodielutton.com\/index.php\/statuette\/\",\"name\":\"Statuette - Melodie Lutton\",\"isPartOf\":{\"@id\":\"https:\/\/melodielutton.com\/#website\"},\"datePublished\":\"2024-01-28T20:17:02+00:00\",\"dateModified\":\"2026-01-31T22:01:26+00:00\",\"breadcrumb\":{\"@id\":\"https:\/\/melodielutton.com\/index.php\/statuette\/#breadcrumb\"},\"inLanguage\":\"fr-FR\",\"potentialAction\":[{\"@type\":\"ReadAction\",\"target\":[\"https:\/\/melodielutton.com\/index.php\/statuette\/\"]}]},{\"@type\":\"BreadcrumbList\",\"@id\":\"https:\/\/melodielutton.com\/index.php\/statuette\/#breadcrumb\",\"itemListElement\":[{\"@type\":\"ListItem\",\"position\":1,\"name\":\"Accueil\",\"item\":\"https:\/\/melodielutton.com\/\"},{\"@type\":\"ListItem\",\"position\":2,\"name\":\"Statuette\"}]},{\"@type\":\"WebSite\",\"@id\":\"https:\/\/melodielutton.com\/#website\",\"url\":\"https:\/\/melodielutton.com\/\",\"name\":\"Melodie Lutton\",\"description\":\"\",\"publisher\":{\"@id\":\"https:\/\/melodielutton.com\/#\/schema\/person\/11040da58d9986b63766d9a7a8bef386\"},\"potentialAction\":[{\"@type\":\"SearchAction\",\"target\":{\"@type\":\"EntryPoint\",\"urlTemplate\":\"https:\/\/melodielutton.com\/?s={search_term_string}\"},\"query-input\":{\"@type\":\"PropertyValueSpecification\",\"valueRequired\":true,\"valueName\":\"search_term_string\"}}],\"inLanguage\":\"fr-FR\"},{\"@type\":[\"Person\",\"Organization\"],\"@id\":\"https:\/\/melodielutton.com\/#\/schema\/person\/11040da58d9986b63766d9a7a8bef386\",\"name\":\"MelodieLutton\",\"image\":{\"@type\":\"ImageObject\",\"inLanguage\":\"fr-FR\",\"@id\":\"https:\/\/melodielutton.com\/#\/schema\/person\/image\/\",\"url\":\"https:\/\/melodielutton.com\/wp-content\/uploads\/2025\/08\/Spleen-1024x478.png\",\"contentUrl\":\"https:\/\/melodielutton.com\/wp-content\/uploads\/2025\/08\/Spleen-1024x478.png\",\"width\":1024,\"height\":478,\"caption\":\"MelodieLutton\"},\"logo\":{\"@id\":\"https:\/\/melodielutton.com\/#\/schema\/person\/image\/\"},\"sameAs\":[\"http:\/\/melodielutton.com\"]}]}<\/script>\n<!-- \/ Yoast SEO plugin. -->","yoast_head_json":{"title":"Statuette - Melodie Lutton","robots":{"index":"index","follow":"follow","max-snippet":"max-snippet:-1","max-image-preview":"max-image-preview:large","max-video-preview":"max-video-preview:-1"},"canonical":"https:\/\/melodielutton.com\/index.php\/statuette\/","og_locale":"fr_FR","og_type":"article","og_title":"Statuette - Melodie Lutton","og_description":"StatuetteJe suis tomb\u00e9e sur des santons dans une recyclerie. Je suis tomb\u00e9e en \u00e9moi devant ses objets poussi\u00e9reux, porteurs d\u2019une tradition et d\u2019un savoir-faire qui se retrouvent l\u00e0, d\u00e9laiss\u00e9s. En plein confinement, je suis enceinte, je rentre dans la spirale enchant\u00e9e du volume. Le temps s\u2019arr\u00eate et m\u2019enlace. Je d\u00e9shabille mes santons un par un [&hellip;]","og_url":"https:\/\/melodielutton.com\/index.php\/statuette\/","og_site_name":"Melodie Lutton","article_modified_time":"2026-01-31T22:01:26+00:00","twitter_card":"summary_large_image","twitter_misc":{"Dur\u00e9e de lecture estim\u00e9e":"1 minute"},"schema":{"@context":"https:\/\/schema.org","@graph":[{"@type":"WebPage","@id":"https:\/\/melodielutton.com\/index.php\/statuette\/","url":"https:\/\/melodielutton.com\/index.php\/statuette\/","name":"Statuette - Melodie Lutton","isPartOf":{"@id":"https:\/\/melodielutton.com\/#website"},"datePublished":"2024-01-28T20:17:02+00:00","dateModified":"2026-01-31T22:01:26+00:00","breadcrumb":{"@id":"https:\/\/melodielutton.com\/index.php\/statuette\/#breadcrumb"},"inLanguage":"fr-FR","potentialAction":[{"@type":"ReadAction","target":["https:\/\/melodielutton.com\/index.php\/statuette\/"]}]},{"@type":"BreadcrumbList","@id":"https:\/\/melodielutton.com\/index.php\/statuette\/#breadcrumb","itemListElement":[{"@type":"ListItem","position":1,"name":"Accueil","item":"https:\/\/melodielutton.com\/"},{"@type":"ListItem","position":2,"name":"Statuette"}]},{"@type":"WebSite","@id":"https:\/\/melodielutton.com\/#website","url":"https:\/\/melodielutton.com\/","name":"Melodie Lutton","description":"","publisher":{"@id":"https:\/\/melodielutton.com\/#\/schema\/person\/11040da58d9986b63766d9a7a8bef386"},"potentialAction":[{"@type":"SearchAction","target":{"@type":"EntryPoint","urlTemplate":"https:\/\/melodielutton.com\/?s={search_term_string}"},"query-input":{"@type":"PropertyValueSpecification","valueRequired":true,"valueName":"search_term_string"}}],"inLanguage":"fr-FR"},{"@type":["Person","Organization"],"@id":"https:\/\/melodielutton.com\/#\/schema\/person\/11040da58d9986b63766d9a7a8bef386","name":"MelodieLutton","image":{"@type":"ImageObject","inLanguage":"fr-FR","@id":"https:\/\/melodielutton.com\/#\/schema\/person\/image\/","url":"https:\/\/melodielutton.com\/wp-content\/uploads\/2025\/08\/Spleen-1024x478.png","contentUrl":"https:\/\/melodielutton.com\/wp-content\/uploads\/2025\/08\/Spleen-1024x478.png","width":1024,"height":478,"caption":"MelodieLutton"},"logo":{"@id":"https:\/\/melodielutton.com\/#\/schema\/person\/image\/"},"sameAs":["http:\/\/melodielutton.com"]}]}},"_links":{"self":[{"href":"https:\/\/melodielutton.com\/index.php\/wp-json\/wp\/v2\/pages\/431","targetHints":{"allow":["GET"]}}],"collection":[{"href":"https:\/\/melodielutton.com\/index.php\/wp-json\/wp\/v2\/pages"}],"about":[{"href":"https:\/\/melodielutton.com\/index.php\/wp-json\/wp\/v2\/types\/page"}],"author":[{"embeddable":true,"href":"https:\/\/melodielutton.com\/index.php\/wp-json\/wp\/v2\/users\/2"}],"replies":[{"embeddable":true,"href":"https:\/\/melodielutton.com\/index.php\/wp-json\/wp\/v2\/comments?post=431"}],"version-history":[{"count":19,"href":"https:\/\/melodielutton.com\/index.php\/wp-json\/wp\/v2\/pages\/431\/revisions"}],"predecessor-version":[{"id":235709,"href":"https:\/\/melodielutton.com\/index.php\/wp-json\/wp\/v2\/pages\/431\/revisions\/235709"}],"wp:attachment":[{"href":"https:\/\/melodielutton.com\/index.php\/wp-json\/wp\/v2\/media?parent=431"}],"curies":[{"name":"wp","href":"https:\/\/api.w.org\/{rel}","templated":true}]}}