{"id":399,"date":"2024-01-27T20:43:44","date_gmt":"2024-01-27T19:43:44","guid":{"rendered":"http:\/\/melodielutton.com\/?page_id=399"},"modified":"2025-09-25T20:38:14","modified_gmt":"2025-09-25T18:38:14","slug":"gravure-eau-forte","status":"publish","type":"page","link":"https:\/\/melodielutton.com\/index.php\/gravure-eau-forte\/","title":{"rendered":"Au del\u00e0 de l&#8217;empathie"},"content":{"rendered":"<p>[et_pb_section fb_built=\u00a0\u00bb1&Prime; _builder_version=\u00a0\u00bb4.24.0&Prime; _module_preset=\u00a0\u00bbdefault\u00a0\u00bb global_colors_info=\u00a0\u00bb{}\u00a0\u00bb][et_pb_row _builder_version=\u00a0\u00bb4.24.0&Prime; _module_preset=\u00a0\u00bbdefault\u00a0\u00bb global_colors_info=\u00a0\u00bb{}\u00a0\u00bb][et_pb_column type=\u00a0\u00bb4_4&Prime; _builder_version=\u00a0\u00bb4.24.0&Prime; _module_preset=\u00a0\u00bbdefault\u00a0\u00bb global_colors_info=\u00a0\u00bb{}\u00a0\u00bb][et_pb_text module_id=\u00a0\u00bbprojet_du_ventre\u00a0\u00bb _builder_version=\u00a0\u00bb4.27.4&Prime; _module_preset=\u00a0\u00bbb49b350d-0217-4d78-aec9-d68b326ed51b\u00a0\u00bb global_colors_info=\u00a0\u00bb{}\u00a0\u00bb]<\/p>\n<h3 class=\"western\" align=\"CENTER\" style=\"text-align: center;\">Au del\u00e0 de l&#8217;empathie<\/h3>\n<p>[\/et_pb_text][et_pb_text _builder_version=\u00a0\u00bb4.27.4&Prime; _module_preset=\u00a0\u00bb3734cd5c-6248-4220-857d-f317132237aa\u00a0\u00bb background_color=\u00a0\u00bb#FFFFFF\u00a0\u00bb hover_enabled=\u00a0\u00bb0&Prime; custom_css_main_element=\u00a0\u00bb  position: sticky;||  top: 0px;||  z-index: 9999;\u00a0\u00bb global_colors_info=\u00a0\u00bb{}\u00a0\u00bb sticky_enabled=\u00a0\u00bb0&Prime;]<\/p>\n<p style=\"text-align: center;\"><a href=\"#gravure\"><span style=\"font-weight: 400;\">Gravure eau-forte<\/span><\/a><\/p>\n<p style=\"text-align: center;\"><a href=\"#video\"><span style=\"font-weight: 400;\">Installation v<\/span><span style=\"font-weight: 400;\">id\u00e9o<\/span><\/a><\/p>\n<p style=\"text-align: center;\"><span style=\"font-weight: 400;\"><\/span><\/p>\n<p>[\/et_pb_text][et_pb_text module_id=\u00a0\u00bbgravure\u00a0\u00bb _builder_version=\u00a0\u00bb4.27.4&Prime; _module_preset=\u00a0\u00bb7a3e1717-4cdb-48f8-9944-4018ab598ac9&Prime; hover_enabled=\u00a0\u00bb0&Prime; global_colors_info=\u00a0\u00bb{}\u00a0\u00bb sticky_enabled=\u00a0\u00bb0&Prime;]<\/p>\n<h4 style=\"text-align: center;\">Gravure eau-forte<\/h4>\n<p>[\/et_pb_text][et_pb_text _builder_version=\u00a0\u00bb4.27.4&Prime; _module_preset=\u00a0\u00bbdefault\u00a0\u00bb global_colors_info=\u00a0\u00bb{}\u00a0\u00bb]<\/p>\n<p style=\"text-align: justify;\">La m\u00e9moire de mes interventions et de mes rencontres en tant qu\u2019<strong>aide \u00e0 domicile aupr\u00e8s des personnes \u00e2g\u00e9es,<\/strong> souvent d\u00e9mentes, qui perdent leur souvenir, avec une inaptitude \u00e0 se reconna\u00eetre dans le pr\u00e9sent. Les rep\u00e8res autobiographiques s\u2019\u00e9vanouissent jusqu\u2019\u00e0 la perte de leurs identit\u00e9s. En franchissant le seuil de ses maisons, ces \u00e9trangers devenaient des personnages familiers et intimes. <strong>Entour\u00e9es avec des vieux cadres chin\u00e9s, les gravures (imprim\u00e9es jusqu&rsquo;\u00e0 6 passages d\u2019encres) rappellent le code d\u2019un mobilier redondant et l\u2019ordre des interventions.<\/strong><\/p>\n<p>[\/et_pb_text][dmg_masonry_gallery gallery=\u00a0\u00bb110&Prime; columns=\u00a0\u00bb1&Prime; modal_title=\u00a0\u00bbtitle_caption\u00a0\u00bb _builder_version=\u00a0\u00bb4.24.2&Prime; _module_preset=\u00a0\u00bbdefault\u00a0\u00bb global_colors_info=\u00a0\u00bb{}\u00a0\u00bb][\/dmg_masonry_gallery][dmg_masonry_gallery gallery=\u00a0\u00bb123,124,125,121,122,120,119,118,116,115,114,113,112,111,109,108&Prime; columns=\u00a0\u00bb2&Prime; gutter=\u00a0\u00bb30&Prime; randomize=\u00a0\u00bbold\u00a0\u00bb modal_title=\u00a0\u00bbtitle_caption\u00a0\u00bb columns_tablet=\u00a0\u00bb2&Prime; columns_phone=\u00a0\u00bb1&Prime; columns_last_edited=\u00a0\u00bbon|desktop\u00a0\u00bb _builder_version=\u00a0\u00bb4.24.1&Prime; _module_preset=\u00a0\u00bb22dec183-a738-4488-8792-812b92adf917&Prime; global_colors_info=\u00a0\u00bb{}\u00a0\u00bb][\/dmg_masonry_gallery][et_pb_text module_id=\u00a0\u00bbvideo\u00a0\u00bb _builder_version=\u00a0\u00bb4.24.1&Prime; _module_preset=\u00a0\u00bb7a3e1717-4cdb-48f8-9944-4018ab598ac9&Prime; global_colors_info=\u00a0\u00bb{}\u00a0\u00bb]<\/p>\n<h4 style=\"text-align: center;\">Installation vid\u00e9o<\/h4>\n<p>[\/et_pb_text][\/et_pb_column][\/et_pb_row][et_pb_row _builder_version=\u00a0\u00bb4.24.1&Prime; _module_preset=\u00a0\u00bbdefault\u00a0\u00bb global_colors_info=\u00a0\u00bb{}\u00a0\u00bb][et_pb_column type=\u00a0\u00bb4_4&Prime; _builder_version=\u00a0\u00bb4.24.1&Prime; _module_preset=\u00a0\u00bbdefault\u00a0\u00bb global_colors_info=\u00a0\u00bb{}\u00a0\u00bb][et_pb_text _builder_version=\u00a0\u00bb4.24.0&Prime; _module_preset=\u00a0\u00bbdefault\u00a0\u00bb global_colors_info=\u00a0\u00bb{}\u00a0\u00bb]<\/p>\n<p><strong>La Fausse empathie<\/strong><br \/>Animation, Installation, 6 min, 2012.<br \/>Musique : Giacomo Di Tollo<\/p>\n<p>[\/et_pb_text][et_pb_video src=\u00a0\u00bbhttps:\/\/melodielutton.com\/wp-content\/uploads\/2024\/02\/La-fausse-empathie.mp4&Prime; _builder_version=\u00a0\u00bb4.24.1&Prime; _module_preset=\u00a0\u00bbdefault\u00a0\u00bb global_colors_info=\u00a0\u00bb{}\u00a0\u00bb][\/et_pb_video][et_pb_text _builder_version=\u00a0\u00bb4.24.1&Prime; _module_preset=\u00a0\u00bbdefault\u00a0\u00bb global_colors_info=\u00a0\u00bb{}\u00a0\u00bb]<\/p>\n<p style=\"text-align: justify;\"><span style=\"font-weight: 400;\">Inspir\u00e9e des interventions d\u2019aide \u00e0 domicile, j\u2019ai assembl\u00e9 les photographies des espaces de vie et les photocopies des gravures. L\u2019installation contient 6 s\u00e9quences avec 6 t\u00e9l\u00e9viseurs.Les personnages arrivent et partent des \u00e9crans et des espaces vides. La demeure de ces vieilles dames devient leur seconde peau. La travers\u00e9e de la maison d\u00e9ploie la magie d\u2019un petit th\u00e9\u00e2tre miniature.<\/span><\/p>\n<p style=\"text-align: justify;\"><span style=\"font-weight: 400;\"><\/span><\/p>\n<p style=\"text-align: justify;\"><span style=\"font-weight: 400;\"><\/span><\/p>\n<p style=\"text-align: justify;\"><span style=\"font-weight: 400;\"><\/span><\/p>\n<p>[\/et_pb_text][et_pb_text module_id=\u00a0\u00bbvideo\u00a0\u00bb _builder_version=\u00a0\u00bb4.27.4&Prime; _module_preset=\u00a0\u00bb7a3e1717-4cdb-48f8-9944-4018ab598ac9&Prime; hover_enabled=\u00a0\u00bb0&Prime; global_colors_info=\u00a0\u00bb{}\u00a0\u00bb sticky_enabled=\u00a0\u00bb0&Prime;]<\/p>\n<h4 style=\"text-align: center;\">Animation<\/h4>\n<p>[\/et_pb_text][et_pb_text _builder_version=\u00a0\u00bb4.24.0&Prime; _module_preset=\u00a0\u00bbdefault\u00a0\u00bb global_colors_info=\u00a0\u00bb{}\u00a0\u00bb]<\/p>\n<p><strong>En arrivant, En partant Vid\u00e9o, 2:26 min, 2014.<\/strong><\/p>\n<p>Collaboration et texte : Echo Sauvage.<\/p>\n<p>Vid\u00e9o cr\u00e9\u00e9e pour l&rsquo;exposition Moments Magiques \u00e0 Bruneck (It).<\/p>\n<p>[\/et_pb_text][et_pb_image src=\u00a0\u00bbhttps:\/\/melodielutton.com\/wp-content\/uploads\/2024\/01\/3echosauvage@melodielutton.gif\u00a0\u00bb title_text=\u00a0\u00bbEn arrivant, En partant\u00a0\u00bb _builder_version=\u00a0\u00bb4.24.0&Prime; _module_preset=\u00a0\u00bbdefault\u00a0\u00bb global_colors_info=\u00a0\u00bb{}\u00a0\u00bb][\/et_pb_image][et_pb_text _builder_version=\u00a0\u00bb4.24.1&Prime; _module_preset=\u00a0\u00bbdefault\u00a0\u00bb global_colors_info=\u00a0\u00bb{}\u00a0\u00bb]<\/p>\n<p style=\"text-align: justify;\"><span style=\"font-weight: 400;\">Une jeune infirmi\u00e8re me confie ses all\u00e9gories au travail et <\/span>la pr\u00e9occupation hilarante pour le temps consacr\u00e9 \u00e0 l\u2019hygi\u00e8ne des mains.<\/p>\n<p style=\"text-align: justify;\">En arrivant\/ En partant \u00bb 2. Apr\u00e8s et avant mon caf\u00e9 \u00bb 2. Apr\u00e8s et avant ma clope \u00bb 2\/ 3 .Perfusions \u00bb 15. 4 injections \u00bb 8. 6 glyc\u00e9mies \u00bb 12. 10 ttt\/ 3 \u00e9tages \u00bb 30 + 3 : 33. 1 a\u00e9rosol \u00bb 2 Changement de poubelles \u00bb 3. Bac \u00e0 d\u00e9sinfection \u00bb 2. 2 pansements \u00bb 8 + 10 (allers retours\/ salle de soins- autres manipulations- etc&#8230;) 99 lavages de mains x 3 minutes : 5 h. de lavage de mains. 7 heures de travail.<\/p>\n<p style=\"text-align: justify;\">\n<p style=\"text-align: justify;\">\n<p style=\"text-align: justify;\">\n<p style=\"text-align: justify;\">[\/et_pb_text][et_pb_text _builder_version=\u00a0\u00bb4.24.0&Prime; _module_preset=\u00a0\u00bbdefault\u00a0\u00bb global_colors_info=\u00a0\u00bb{}\u00a0\u00bb]<\/p>\n<p><strong>M\u00e9nage-toi !<\/strong><br \/>Animation, 1:51 min, 2012.<br \/>Musique : Giacomo Di Tollo.<\/p>\n<p>[\/et_pb_text][et_pb_text _builder_version=\u00a0\u00bb4.24.1&Prime; _module_preset=\u00a0\u00bbdefault\u00a0\u00bb global_colors_info=\u00a0\u00bb{}\u00a0\u00bb]<\/p>\n<p style=\"text-align: justify;\">A force de produire mes gravures, j\u2019ai \u00e9tabli un lieu entre l\u2019action m\u00e9nag\u00e8re et la pratique de la gravure (eau-forte). Tant dans le rapport \u00e0 la salet\u00e9 que dans la circularit\u00e9 du geste. J\u2019ai choisi les \u00e9tapes de l\u2019encrage et de l\u2019impression, associ\u00e9es aux gestes de lavage et de repassage. <span style=\"font-weight: 400;\">L\u2019action du travail, nous emporte ici dans une r\u00eaverie, <\/span><span style=\"font-weight: 400;\">un geste hypnotique et machinal.<\/span><\/p>\n<p>[\/et_pb_text][et_pb_video src=\u00a0\u00bbhttps:\/\/melodielutton.com\/wp-content\/uploads\/2024\/02\/Menage-toi.mp4&Prime; _builder_version=\u00a0\u00bb4.24.1&Prime; _module_preset=\u00a0\u00bbdefault\u00a0\u00bb global_colors_info=\u00a0\u00bb{}\u00a0\u00bb][\/et_pb_video][\/et_pb_column][\/et_pb_row][\/et_pb_section]<\/p>\n","protected":false},"excerpt":{"rendered":"<p>Au del\u00e0 de l&#8217;empathieGravure eau-forte Installation vid\u00e9o Gravure eau-forteLa m\u00e9moire de mes interventions et de mes rencontres en tant qu\u2019aide \u00e0 domicile aupr\u00e8s des personnes \u00e2g\u00e9es, souvent d\u00e9mentes, qui perdent leur souvenir, avec une inaptitude \u00e0 se reconna\u00eetre dans le pr\u00e9sent. Les rep\u00e8res autobiographiques s\u2019\u00e9vanouissent jusqu\u2019\u00e0 la perte de leurs identit\u00e9s. En franchissant le seuil [&hellip;]<\/p>\n","protected":false},"author":2,"featured_media":0,"parent":0,"menu_order":0,"comment_status":"closed","ping_status":"closed","template":"","meta":{"_et_pb_use_builder":"on","_et_pb_old_content":"","_et_gb_content_width":"","footnotes":""},"class_list":["post-399","page","type-page","status-publish","hentry"],"yoast_head":"<!-- This site is optimized with the Yoast SEO plugin v26.8 - https:\/\/yoast.com\/product\/yoast-seo-wordpress\/ -->\n<title>Au del\u00e0 de l&#039;empathie - Melodie Lutton<\/title>\n<meta name=\"robots\" content=\"index, follow, max-snippet:-1, max-image-preview:large, max-video-preview:-1\" \/>\n<link rel=\"canonical\" href=\"https:\/\/melodielutton.com\/index.php\/gravure-eau-forte\/\" \/>\n<meta property=\"og:locale\" content=\"fr_FR\" \/>\n<meta property=\"og:type\" content=\"article\" \/>\n<meta property=\"og:title\" content=\"Au del\u00e0 de l&#039;empathie - Melodie Lutton\" \/>\n<meta property=\"og:description\" content=\"Au del\u00e0 de l&#039;empathieGravure eau-forte Installation vid\u00e9o Gravure eau-forteLa m\u00e9moire de mes interventions et de mes rencontres en tant qu\u2019aide \u00e0 domicile aupr\u00e8s des personnes \u00e2g\u00e9es, souvent d\u00e9mentes, qui perdent leur souvenir, avec une inaptitude \u00e0 se reconna\u00eetre dans le pr\u00e9sent. Les rep\u00e8res autobiographiques s\u2019\u00e9vanouissent jusqu\u2019\u00e0 la perte de leurs identit\u00e9s. En franchissant le seuil [&hellip;]\" \/>\n<meta property=\"og:url\" content=\"https:\/\/melodielutton.com\/index.php\/gravure-eau-forte\/\" \/>\n<meta property=\"og:site_name\" content=\"Melodie Lutton\" \/>\n<meta property=\"article:modified_time\" content=\"2025-09-25T18:38:14+00:00\" \/>\n<meta name=\"twitter:card\" content=\"summary_large_image\" \/>\n<meta name=\"twitter:label1\" content=\"Dur\u00e9e de lecture estim\u00e9e\" \/>\n\t<meta name=\"twitter:data1\" content=\"4 minutes\" \/>\n<script type=\"application\/ld+json\" class=\"yoast-schema-graph\">{\"@context\":\"https:\/\/schema.org\",\"@graph\":[{\"@type\":\"WebPage\",\"@id\":\"https:\/\/melodielutton.com\/index.php\/gravure-eau-forte\/\",\"url\":\"https:\/\/melodielutton.com\/index.php\/gravure-eau-forte\/\",\"name\":\"Au del\u00e0 de l'empathie - Melodie Lutton\",\"isPartOf\":{\"@id\":\"https:\/\/melodielutton.com\/#website\"},\"datePublished\":\"2024-01-27T19:43:44+00:00\",\"dateModified\":\"2025-09-25T18:38:14+00:00\",\"breadcrumb\":{\"@id\":\"https:\/\/melodielutton.com\/index.php\/gravure-eau-forte\/#breadcrumb\"},\"inLanguage\":\"fr-FR\",\"potentialAction\":[{\"@type\":\"ReadAction\",\"target\":[\"https:\/\/melodielutton.com\/index.php\/gravure-eau-forte\/\"]}]},{\"@type\":\"BreadcrumbList\",\"@id\":\"https:\/\/melodielutton.com\/index.php\/gravure-eau-forte\/#breadcrumb\",\"itemListElement\":[{\"@type\":\"ListItem\",\"position\":1,\"name\":\"Accueil\",\"item\":\"https:\/\/melodielutton.com\/\"},{\"@type\":\"ListItem\",\"position\":2,\"name\":\"Au del\u00e0 de l&#8217;empathie\"}]},{\"@type\":\"WebSite\",\"@id\":\"https:\/\/melodielutton.com\/#website\",\"url\":\"https:\/\/melodielutton.com\/\",\"name\":\"Melodie Lutton\",\"description\":\"\",\"publisher\":{\"@id\":\"https:\/\/melodielutton.com\/#\/schema\/person\/11040da58d9986b63766d9a7a8bef386\"},\"potentialAction\":[{\"@type\":\"SearchAction\",\"target\":{\"@type\":\"EntryPoint\",\"urlTemplate\":\"https:\/\/melodielutton.com\/?s={search_term_string}\"},\"query-input\":{\"@type\":\"PropertyValueSpecification\",\"valueRequired\":true,\"valueName\":\"search_term_string\"}}],\"inLanguage\":\"fr-FR\"},{\"@type\":[\"Person\",\"Organization\"],\"@id\":\"https:\/\/melodielutton.com\/#\/schema\/person\/11040da58d9986b63766d9a7a8bef386\",\"name\":\"MelodieLutton\",\"image\":{\"@type\":\"ImageObject\",\"inLanguage\":\"fr-FR\",\"@id\":\"https:\/\/melodielutton.com\/#\/schema\/person\/image\/\",\"url\":\"https:\/\/melodielutton.com\/wp-content\/uploads\/2025\/08\/Spleen-1024x478.png\",\"contentUrl\":\"https:\/\/melodielutton.com\/wp-content\/uploads\/2025\/08\/Spleen-1024x478.png\",\"width\":1024,\"height\":478,\"caption\":\"MelodieLutton\"},\"logo\":{\"@id\":\"https:\/\/melodielutton.com\/#\/schema\/person\/image\/\"},\"sameAs\":[\"http:\/\/melodielutton.com\"]}]}<\/script>\n<!-- \/ Yoast SEO plugin. -->","yoast_head_json":{"title":"Au del\u00e0 de l'empathie - Melodie Lutton","robots":{"index":"index","follow":"follow","max-snippet":"max-snippet:-1","max-image-preview":"max-image-preview:large","max-video-preview":"max-video-preview:-1"},"canonical":"https:\/\/melodielutton.com\/index.php\/gravure-eau-forte\/","og_locale":"fr_FR","og_type":"article","og_title":"Au del\u00e0 de l'empathie - Melodie Lutton","og_description":"Au del\u00e0 de l'empathieGravure eau-forte Installation vid\u00e9o Gravure eau-forteLa m\u00e9moire de mes interventions et de mes rencontres en tant qu\u2019aide \u00e0 domicile aupr\u00e8s des personnes \u00e2g\u00e9es, souvent d\u00e9mentes, qui perdent leur souvenir, avec une inaptitude \u00e0 se reconna\u00eetre dans le pr\u00e9sent. Les rep\u00e8res autobiographiques s\u2019\u00e9vanouissent jusqu\u2019\u00e0 la perte de leurs identit\u00e9s. En franchissant le seuil [&hellip;]","og_url":"https:\/\/melodielutton.com\/index.php\/gravure-eau-forte\/","og_site_name":"Melodie Lutton","article_modified_time":"2025-09-25T18:38:14+00:00","twitter_card":"summary_large_image","twitter_misc":{"Dur\u00e9e de lecture estim\u00e9e":"4 minutes"},"schema":{"@context":"https:\/\/schema.org","@graph":[{"@type":"WebPage","@id":"https:\/\/melodielutton.com\/index.php\/gravure-eau-forte\/","url":"https:\/\/melodielutton.com\/index.php\/gravure-eau-forte\/","name":"Au del\u00e0 de l'empathie - Melodie Lutton","isPartOf":{"@id":"https:\/\/melodielutton.com\/#website"},"datePublished":"2024-01-27T19:43:44+00:00","dateModified":"2025-09-25T18:38:14+00:00","breadcrumb":{"@id":"https:\/\/melodielutton.com\/index.php\/gravure-eau-forte\/#breadcrumb"},"inLanguage":"fr-FR","potentialAction":[{"@type":"ReadAction","target":["https:\/\/melodielutton.com\/index.php\/gravure-eau-forte\/"]}]},{"@type":"BreadcrumbList","@id":"https:\/\/melodielutton.com\/index.php\/gravure-eau-forte\/#breadcrumb","itemListElement":[{"@type":"ListItem","position":1,"name":"Accueil","item":"https:\/\/melodielutton.com\/"},{"@type":"ListItem","position":2,"name":"Au del\u00e0 de l&#8217;empathie"}]},{"@type":"WebSite","@id":"https:\/\/melodielutton.com\/#website","url":"https:\/\/melodielutton.com\/","name":"Melodie Lutton","description":"","publisher":{"@id":"https:\/\/melodielutton.com\/#\/schema\/person\/11040da58d9986b63766d9a7a8bef386"},"potentialAction":[{"@type":"SearchAction","target":{"@type":"EntryPoint","urlTemplate":"https:\/\/melodielutton.com\/?s={search_term_string}"},"query-input":{"@type":"PropertyValueSpecification","valueRequired":true,"valueName":"search_term_string"}}],"inLanguage":"fr-FR"},{"@type":["Person","Organization"],"@id":"https:\/\/melodielutton.com\/#\/schema\/person\/11040da58d9986b63766d9a7a8bef386","name":"MelodieLutton","image":{"@type":"ImageObject","inLanguage":"fr-FR","@id":"https:\/\/melodielutton.com\/#\/schema\/person\/image\/","url":"https:\/\/melodielutton.com\/wp-content\/uploads\/2025\/08\/Spleen-1024x478.png","contentUrl":"https:\/\/melodielutton.com\/wp-content\/uploads\/2025\/08\/Spleen-1024x478.png","width":1024,"height":478,"caption":"MelodieLutton"},"logo":{"@id":"https:\/\/melodielutton.com\/#\/schema\/person\/image\/"},"sameAs":["http:\/\/melodielutton.com"]}]}},"_links":{"self":[{"href":"https:\/\/melodielutton.com\/index.php\/wp-json\/wp\/v2\/pages\/399","targetHints":{"allow":["GET"]}}],"collection":[{"href":"https:\/\/melodielutton.com\/index.php\/wp-json\/wp\/v2\/pages"}],"about":[{"href":"https:\/\/melodielutton.com\/index.php\/wp-json\/wp\/v2\/types\/page"}],"author":[{"embeddable":true,"href":"https:\/\/melodielutton.com\/index.php\/wp-json\/wp\/v2\/users\/2"}],"replies":[{"embeddable":true,"href":"https:\/\/melodielutton.com\/index.php\/wp-json\/wp\/v2\/comments?post=399"}],"version-history":[{"count":22,"href":"https:\/\/melodielutton.com\/index.php\/wp-json\/wp\/v2\/pages\/399\/revisions"}],"predecessor-version":[{"id":235608,"href":"https:\/\/melodielutton.com\/index.php\/wp-json\/wp\/v2\/pages\/399\/revisions\/235608"}],"wp:attachment":[{"href":"https:\/\/melodielutton.com\/index.php\/wp-json\/wp\/v2\/media?parent=399"}],"curies":[{"name":"wp","href":"https:\/\/api.w.org\/{rel}","templated":true}]}}